{"id":24,"date":"2022-11-21T22:23:37","date_gmt":"2022-11-21T22:23:37","guid":{"rendered":"https:\/\/hosting.bluegrow.es\/nosotros\/"},"modified":"2025-05-14T10:48:59","modified_gmt":"2025-05-14T08:48:59","slug":"actualidad","status":"publish","type":"page","link":"https:\/\/g6abogados.es\/en\/actualidad\/","title":{"rendered":"Actualidad"},"content":{"rendered":"<div data-elementor-type=\"wp-page\" data-elementor-id=\"24\" class=\"elementor elementor-24\" data-elementor-post-type=\"page\">\n\t\t\t\t\t\t<section class=\"elementor-section elementor-top-section elementor-element elementor-element-7cb289b7 elementor-section-height-min-height elementor-section-boxed elementor-section-height-default elementor-section-items-middle\" data-id=\"7cb289b7\" data-element_type=\"section\" data-settings=\"{&quot;background_background&quot;:&quot;classic&quot;}\">\n\t\t\t\t\t\t\t<div class=\"elementor-background-overlay\"><\/div>\n\t\t\t\t\t\t\t<div class=\"elementor-container elementor-column-gap-default\">\n\t\t\t\t\t<div class=\"elementor-column elementor-col-50 elementor-top-column elementor-element elementor-element-57b22b5a\" data-id=\"57b22b5a\" data-element_type=\"column\">\n\t\t\t<div class=\"elementor-widget-wrap elementor-element-populated\">\n\t\t\t\t\t\t<div class=\"elementor-element elementor-element-6ac368c9 animated-slow elementor-invisible elementor-widget elementor-widget-heading\" data-id=\"6ac368c9\" data-element_type=\"widget\" data-settings=\"{&quot;_animation&quot;:&quot;fadeIn&quot;,&quot;_animation_delay&quot;:100}\" data-widget_type=\"heading.default\">\n\t\t\t\t<div class=\"elementor-widget-container\">\n\t\t\t\t\t<h1 class=\"elementor-heading-title elementor-size-default\">\u00a1Mantente Actualizado con G6 Abogados!<\/h1>\t\t\t\t<\/div>\n\t\t\t\t<\/div>\n\t\t\t\t<div class=\"elementor-element elementor-element-2291d4df elementor-widget elementor-widget-text-editor\" data-id=\"2291d4df\" data-element_type=\"widget\" data-widget_type=\"text-editor.default\">\n\t\t\t\t<div class=\"elementor-widget-container\">\n\t\t\t\t\t\t\t\t\tMantente al d\u00eda con las \u00faltimas novedades en asesor\u00eda legal, inmobiliaria, laboral y asistencia letrada en Madrid. Inf\u00f3rmate y protege tus intereses con nuestros expertos.\t\t\t\t\t\t\t\t<\/div>\n\t\t\t\t<\/div>\n\t\t\t\t\t<\/div>\n\t\t<\/div>\n\t\t\t\t<div class=\"elementor-column elementor-col-50 elementor-top-column elementor-element elementor-element-f1adb57\" data-id=\"f1adb57\" data-element_type=\"column\">\n\t\t\t<div class=\"elementor-widget-wrap\">\n\t\t\t\t\t\t\t<\/div>\n\t\t<\/div>\n\t\t\t\t\t<\/div>\n\t\t<\/section>\n\t\t\t\t<section class=\"elementor-section elementor-top-section elementor-element elementor-element-436fef73 elementor-section-boxed elementor-section-height-default elementor-section-height-default\" data-id=\"436fef73\" data-element_type=\"section\">\n\t\t\t\t\t\t<div class=\"elementor-container elementor-column-gap-default\">\n\t\t\t\t\t<div class=\"elementor-column elementor-col-50 elementor-top-column elementor-element elementor-element-34e9dff9\" data-id=\"34e9dff9\" data-element_type=\"column\">\n\t\t\t<div class=\"elementor-widget-wrap elementor-element-populated\">\n\t\t\t\t\t\t<div class=\"elementor-element elementor-element-43f7486d elementor-widget-divider--view-line_text elementor-widget-divider--element-align-right elementor-widget elementor-widget-divider\" data-id=\"43f7486d\" data-element_type=\"widget\" data-widget_type=\"divider.default\">\n\t\t\t\t<div class=\"elementor-widget-container\">\n\t\t\t\t\t\t\t<div class=\"elementor-divider\">\n\t\t\t<span class=\"elementor-divider-separator\">\n\t\t\t\t\t\t\t<span class=\"elementor-divider__text elementor-divider__element\">\n\t\t\t\tLo \u00faltimo\t\t\t\t<\/span>\n\t\t\t\t\t\t<\/span>\n\t\t<\/div>\n\t\t\t\t\t\t<\/div>\n\t\t\t\t<\/div>\n\t\t\t\t<div class=\"elementor-element elementor-element-47246f4f elementor-widget elementor-widget-heading\" data-id=\"47246f4f\" data-element_type=\"widget\" data-widget_type=\"heading.default\">\n\t\t\t\t<div class=\"elementor-widget-container\">\n\t\t\t\t\t<h2 class=\"elementor-heading-title elementor-size-default\">Entradas Recientes<\/h2>\t\t\t\t<\/div>\n\t\t\t\t<\/div>\n\t\t\t\t\t<\/div>\n\t\t<\/div>\n\t\t\t\t<div class=\"elementor-column elementor-col-50 elementor-top-column elementor-element elementor-element-2e14a205\" data-id=\"2e14a205\" data-element_type=\"column\">\n\t\t\t<div class=\"elementor-widget-wrap elementor-element-populated\">\n\t\t\t\t\t\t<div class=\"elementor-element elementor-element-56e51938 elementor-widget__width-auto elementor-align-right elementor-mobile-align-left elementor-widget elementor-widget-button\" data-id=\"56e51938\" data-element_type=\"widget\" data-widget_type=\"button.default\">\n\t\t\t\t<div class=\"elementor-widget-container\">\n\t\t\t\t\t\t\t\t\t<div class=\"elementor-button-wrapper\">\n\t\t\t\t\t<a class=\"elementor-button elementor-button-link elementor-size-sm\" href=\"#\">\n\t\t\t\t\t\t<span class=\"elementor-button-content-wrapper\">\n\t\t\t\t\t\t<span class=\"elementor-button-icon\">\n\t\t\t\t<i aria-hidden=\"true\" class=\"fas fa-chevron-right\"><\/i>\t\t\t<\/span>\n\t\t\t\t\t\t\t\t\t<span class=\"elementor-button-text\">Ver m\u00e1s<\/span>\n\t\t\t\t\t<\/span>\n\t\t\t\t\t<\/a>\n\t\t\t\t<\/div>\n\t\t\t\t\t\t\t\t<\/div>\n\t\t\t\t<\/div>\n\t\t\t\t\t<\/div>\n\t\t<\/div>\n\t\t\t\t\t<\/div>\n\t\t<\/section>\n\t\t\t\t<section class=\"elementor-section elementor-top-section elementor-element elementor-element-558c2732 elementor-section-boxed elementor-section-height-default elementor-section-height-default\" data-id=\"558c2732\" data-element_type=\"section\">\n\t\t\t\t\t\t<div class=\"elementor-container elementor-column-gap-default\">\n\t\t\t\t\t<div class=\"elementor-column elementor-col-100 elementor-top-column elementor-element elementor-element-11a45c13\" data-id=\"11a45c13\" data-element_type=\"column\">\n\t\t\t<div class=\"elementor-widget-wrap elementor-element-populated\">\n\t\t\t\t\t\t<div class=\"elementor-element elementor-element-6ea5f0ab elementor-grid-2 elementor-posts--thumbnail-right elementor-posts--align-left elementor-grid-tablet-1 elementor-grid-mobile-1 elementor-widget elementor-widget-posts\" data-id=\"6ea5f0ab\" data-element_type=\"widget\" data-settings=\"{&quot;classic_columns&quot;:&quot;2&quot;,&quot;classic_row_gap&quot;:{&quot;unit&quot;:&quot;px&quot;,&quot;size&quot;:&quot;60&quot;,&quot;sizes&quot;:[]},&quot;classic_columns_tablet&quot;:&quot;1&quot;,&quot;classic_columns_mobile&quot;:&quot;1&quot;,&quot;classic_row_gap_tablet&quot;:{&quot;unit&quot;:&quot;px&quot;,&quot;size&quot;:&quot;&quot;,&quot;sizes&quot;:[]},&quot;classic_row_gap_mobile&quot;:{&quot;unit&quot;:&quot;px&quot;,&quot;size&quot;:&quot;&quot;,&quot;sizes&quot;:[]}}\" data-widget_type=\"posts.classic\">\n\t\t\t\t<div class=\"elementor-widget-container\">\n\t\t\t\t\t\t\t<div class=\"elementor-posts-container elementor-posts elementor-posts--skin-classic elementor-grid\">\n\t\t\t\t<article class=\"elementor-post elementor-grid-item post-915 post type-post status-publish format-standard has-post-thumbnail hentry category-asesoria-fiscal category-asesoria-inmobiliaria category-general\">\n\t\t\t\t<a class=\"elementor-post__thumbnail__link\" href=\"https:\/\/g6abogados.es\/en\/asesoria-fiscal\/aspectos-legales-a-considerar-antes-de-firmar-un-contrato-de-arrendamiento\/\" tabindex=\"-1\" >\n\t\t\t<div class=\"elementor-post__thumbnail\"><img fetchpriority=\"high\" decoding=\"async\" width=\"1920\" height=\"1280\" src=\"https:\/\/g6abogados.es\/wp-content\/uploads\/2024\/07\/pexels-wdnet-101808.webp\" class=\"attachment-full size-full wp-image-903\" alt=\"\" srcset=\"https:\/\/g6abogados.es\/wp-content\/uploads\/2024\/07\/pexels-wdnet-101808.webp 1920w, https:\/\/g6abogados.es\/wp-content\/uploads\/2024\/07\/pexels-wdnet-101808-1200.webp 1200w, https:\/\/g6abogados.es\/wp-content\/uploads\/2024\/07\/pexels-wdnet-101808-600.webp 600w, https:\/\/g6abogados.es\/wp-content\/uploads\/2024\/07\/pexels-wdnet-101808-300.webp 300w, https:\/\/g6abogados.es\/wp-content\/uploads\/2024\/07\/pexels-wdnet-101808-150x150.webp 150w\" sizes=\"(max-width: 1920px) 100vw, 1920px\" \/><\/div>\n\t\t<\/a>\n\t\t\t\t<div class=\"elementor-post__text\">\n\t\t\t\t<h3 class=\"elementor-post__title\">\n\t\t\t<a href=\"https:\/\/g6abogados.es\/en\/asesoria-fiscal\/aspectos-legales-a-considerar-antes-de-firmar-un-contrato-de-arrendamiento\/\" >\n\t\t\t\tAspectos legales a considerar antes de firmar un contrato de arrendamiento\t\t\t<\/a>\n\t\t<\/h3>\n\t\t\t\t<div class=\"elementor-post__meta-data\">\n\t\t\t\t\t<span class=\"elementor-post-date\">\n\t\t\t01\/07\/2024\t\t<\/span>\n\t\t\t\t<\/div>\n\t\t\t\t<div class=\"elementor-post__excerpt\">\n\t\t\t<p>Firmar un contrato de arrendamiento es un paso importante, tanto para el arrendador como para el arrendatario. Aqu\u00ed te ofrecemos algunos aspectos legales clave que<\/p>\n\t\t<\/div>\n\t\t\t\t<\/div>\n\t\t\t\t<\/article>\n\t\t\t\t<article class=\"elementor-post elementor-grid-item post-913 post type-post status-publish format-standard has-post-thumbnail hentry category-asesoria-fiscal category-asesoria-inmobiliaria category-general\">\n\t\t\t\t<a class=\"elementor-post__thumbnail__link\" href=\"https:\/\/g6abogados.es\/en\/asesoria-fiscal\/fiscalidad-de-las-herencias-en-espana-trucos-y-consejos-para-pagar-menos-2\/\" tabindex=\"-1\" >\n\t\t\t<div class=\"elementor-post__thumbnail\"><img decoding=\"async\" width=\"1282\" height=\"1920\" src=\"https:\/\/g6abogados.es\/wp-content\/uploads\/2024\/07\/pexels-cottonbro-3205566.webp\" class=\"attachment-full size-full wp-image-902\" alt=\"\" srcset=\"https:\/\/g6abogados.es\/wp-content\/uploads\/2024\/07\/pexels-cottonbro-3205566.webp 1282w, https:\/\/g6abogados.es\/wp-content\/uploads\/2024\/07\/pexels-cottonbro-3205566-1200.webp 1200w, https:\/\/g6abogados.es\/wp-content\/uploads\/2024\/07\/pexels-cottonbro-3205566-600.webp 600w, https:\/\/g6abogados.es\/wp-content\/uploads\/2024\/07\/pexels-cottonbro-3205566-300.webp 300w, https:\/\/g6abogados.es\/wp-content\/uploads\/2024\/07\/pexels-cottonbro-3205566-150x150.webp 150w\" sizes=\"(max-width: 1282px) 100vw, 1282px\" \/><\/div>\n\t\t<\/a>\n\t\t\t\t<div class=\"elementor-post__text\">\n\t\t\t\t<h3 class=\"elementor-post__title\">\n\t\t\t<a href=\"https:\/\/g6abogados.es\/en\/asesoria-fiscal\/fiscalidad-de-las-herencias-en-espana-trucos-y-consejos-para-pagar-menos-2\/\" >\n\t\t\t\tFiscalidad de las herencias en Espa\u00f1a: Trucos y consejos para pagar menos\t\t\t<\/a>\n\t\t<\/h3>\n\t\t\t\t<div class=\"elementor-post__meta-data\">\n\t\t\t\t\t<span class=\"elementor-post-date\">\n\t\t\t01\/07\/2024\t\t<\/span>\n\t\t\t\t<\/div>\n\t\t\t\t<div class=\"elementor-post__excerpt\">\n\t\t\t<p>Recibir una herencia en Espa\u00f1a puede conllevar una carga fiscal significativa. Aqu\u00ed te ofrecemos algunos consejos para reducir el impuesto de sucesiones: Reducir la carga<\/p>\n\t\t<\/div>\n\t\t\t\t<\/div>\n\t\t\t\t<\/article>\n\t\t\t\t<article class=\"elementor-post elementor-grid-item post-911 post type-post status-publish format-standard has-post-thumbnail hentry category-asesoria-fiscal category-general tag-espana tag-impuestos tag-propiedades\">\n\t\t\t\t<a class=\"elementor-post__thumbnail__link\" href=\"https:\/\/g6abogados.es\/en\/general\/fiscalidad-de-las-herencias-en-espana-trucos-y-consejos-para-pagar-menos\/\" tabindex=\"-1\" >\n\t\t\t<div class=\"elementor-post__thumbnail\"><img decoding=\"async\" width=\"1920\" height=\"1279\" src=\"https:\/\/g6abogados.es\/wp-content\/uploads\/2024\/07\/pexels-pixabay-358636.webp\" class=\"attachment-full size-full wp-image-905\" alt=\"\" srcset=\"https:\/\/g6abogados.es\/wp-content\/uploads\/2024\/07\/pexels-pixabay-358636.webp 1920w, https:\/\/g6abogados.es\/wp-content\/uploads\/2024\/07\/pexels-pixabay-358636-1200.webp 1200w, https:\/\/g6abogados.es\/wp-content\/uploads\/2024\/07\/pexels-pixabay-358636-600.webp 600w, https:\/\/g6abogados.es\/wp-content\/uploads\/2024\/07\/pexels-pixabay-358636-300.webp 300w, https:\/\/g6abogados.es\/wp-content\/uploads\/2024\/07\/pexels-pixabay-358636-150x150.webp 150w\" sizes=\"(max-width: 1920px) 100vw, 1920px\" \/><\/div>\n\t\t<\/a>\n\t\t\t\t<div class=\"elementor-post__text\">\n\t\t\t\t<h3 class=\"elementor-post__title\">\n\t\t\t<a href=\"https:\/\/g6abogados.es\/en\/general\/fiscalidad-de-las-herencias-en-espana-trucos-y-consejos-para-pagar-menos\/\" >\n\t\t\t\tFiscalidad de las herencias en Espa\u00f1a: Trucos y consejos para pagar menos\t\t\t<\/a>\n\t\t<\/h3>\n\t\t\t\t<div class=\"elementor-post__meta-data\">\n\t\t\t\t\t<span class=\"elementor-post-date\">\n\t\t\t01\/07\/2024\t\t<\/span>\n\t\t\t\t<\/div>\n\t\t\t\t<div class=\"elementor-post__excerpt\">\n\t\t\t<p>Si tienes inversiones en el extranjero, es importante saber c\u00f3mo declararlas correctamente para optimizar tu declaraci\u00f3n de la renta en Espa\u00f1a. Aqu\u00ed tienes algunos consejos:<\/p>\n\t\t<\/div>\n\t\t\t\t<\/div>\n\t\t\t\t<\/article>\n\t\t\t\t<article class=\"elementor-post elementor-grid-item post-909 post type-post status-publish format-standard has-post-thumbnail hentry category-asesoria-fiscal\">\n\t\t\t\t<a class=\"elementor-post__thumbnail__link\" href=\"https:\/\/g6abogados.es\/en\/asesoria-fiscal\/como-optimizar-tu-declaracion-de-la-renta-si-tienes-inversiones-en-el-extranjero\/\" tabindex=\"-1\" >\n\t\t\t<div class=\"elementor-post__thumbnail\"><img loading=\"lazy\" decoding=\"async\" width=\"1920\" height=\"1280\" src=\"https:\/\/g6abogados.es\/wp-content\/uploads\/2024\/07\/pexels-saviesa-home-1098995-2089698.webp\" class=\"attachment-full size-full wp-image-906\" alt=\"\" srcset=\"https:\/\/g6abogados.es\/wp-content\/uploads\/2024\/07\/pexels-saviesa-home-1098995-2089698.webp 1920w, https:\/\/g6abogados.es\/wp-content\/uploads\/2024\/07\/pexels-saviesa-home-1098995-2089698-1200.webp 1200w, https:\/\/g6abogados.es\/wp-content\/uploads\/2024\/07\/pexels-saviesa-home-1098995-2089698-600.webp 600w, https:\/\/g6abogados.es\/wp-content\/uploads\/2024\/07\/pexels-saviesa-home-1098995-2089698-300.webp 300w, https:\/\/g6abogados.es\/wp-content\/uploads\/2024\/07\/pexels-saviesa-home-1098995-2089698-150x150.webp 150w\" sizes=\"(max-width: 1920px) 100vw, 1920px\" \/><\/div>\n\t\t<\/a>\n\t\t\t\t<div class=\"elementor-post__text\">\n\t\t\t\t<h3 class=\"elementor-post__title\">\n\t\t\t<a href=\"https:\/\/g6abogados.es\/en\/asesoria-fiscal\/como-optimizar-tu-declaracion-de-la-renta-si-tienes-inversiones-en-el-extranjero\/\" >\n\t\t\t\tC\u00f3mo optimizar tu declaraci\u00f3n de la renta si tienes inversiones en el extranjero\t\t\t<\/a>\n\t\t<\/h3>\n\t\t\t\t<div class=\"elementor-post__meta-data\">\n\t\t\t\t\t<span class=\"elementor-post-date\">\n\t\t\t01\/07\/2024\t\t<\/span>\n\t\t\t\t<\/div>\n\t\t\t\t<div class=\"elementor-post__excerpt\">\n\t\t\t<p>Si tienes inversiones en el extranjero, es importante saber c\u00f3mo declararlas correctamente para optimizar tu declaraci\u00f3n de la renta en Espa\u00f1a. Aqu\u00ed tienes algunos consejos:<\/p>\n\t\t<\/div>\n\t\t\t\t<\/div>\n\t\t\t\t<\/article>\n\t\t\t\t<\/div>\n\t\t\n\t\t\t\t\t\t<\/div>\n\t\t\t\t<\/div>\n\t\t\t\t\t<\/div>\n\t\t<\/div>\n\t\t\t\t\t<\/div>\n\t\t<\/section>\n\t\t\t\t<\/div>","protected":false},"excerpt":{"rendered":"<p>\u00a1Mantente Actualizado con G6 Abogados! Mantente al d\u00eda con las \u00faltimas novedades en asesor\u00eda legal, inmobiliaria, laboral y asistencia letrada en Madrid. Inf\u00f3rmate y protege tus intereses con nuestros expertos. Lo \u00faltimo Entradas Recientes Ver m\u00e1s<\/p>","protected":false},"author":2,"featured_media":0,"parent":0,"menu_order":3,"comment_status":"closed","ping_status":"closed","template":"","meta":{"footnotes":""},"class_list":["post-24","page","type-page","status-publish","hentry"],"yoast_head":"<!-- This site is optimized with the Yoast SEO plugin v26.6 - https:\/\/yoast.com\/wordpress\/plugins\/seo\/ -->\n<title>Actualidad - G6 Abogados Blog Legal y Noticias | G6 Abogados en Madrid<\/title>\n<meta name=\"description\" content=\"\u00a1Mantente Actualizado con G6 Abogados! Mantente al d\u00eda con las \u00faltimas novedades en asesor\u00eda legal, inmobiliaria, laboral y asistencia letrada en Madrid. Visita el blog de G6 Abogados en Madrid para obtener noticias y consejos legales. Mantente informado sobre las \u00faltimas actualizaciones jur\u00eddicas y temas relevantes.\" \/>\n<meta name=\"robots\" content=\"index, follow, max-snippet:-1, max-image-preview:large, max-video-preview:-1\" \/>\n<link rel=\"canonical\" href=\"https:\/\/g6abogados.es\/en\/actualidad\/\" \/>\n<meta property=\"og:locale\" content=\"en_US\" \/>\n<meta property=\"og:type\" content=\"article\" \/>\n<meta property=\"og:title\" content=\"Actualidad - G6 Abogados Blog Legal y Noticias | G6 Abogados en Madrid\" \/>\n<meta property=\"og:description\" content=\"\u00a1Mantente Actualizado con G6 Abogados! Mantente al d\u00eda con las \u00faltimas novedades en asesor\u00eda legal, inmobiliaria, laboral y asistencia letrada en Madrid. Visita el blog de G6 Abogados en Madrid para obtener noticias y consejos legales. Mantente informado sobre las \u00faltimas actualizaciones jur\u00eddicas y temas relevantes.\" \/>\n<meta property=\"og:url\" content=\"https:\/\/g6abogados.es\/en\/actualidad\/\" \/>\n<meta property=\"og:site_name\" content=\"G6 Abogados\" \/>\n<meta property=\"article:modified_time\" content=\"2025-05-14T08:48:59+00:00\" \/>\n<meta name=\"twitter:card\" content=\"summary_large_image\" \/>\n<script type=\"application\/ld+json\" class=\"yoast-schema-graph\">{\"@context\":\"https:\/\/schema.org\",\"@graph\":[{\"@type\":\"WebPage\",\"@id\":\"https:\/\/g6abogados.es\/actualidad\/\",\"url\":\"https:\/\/g6abogados.es\/actualidad\/\",\"name\":\"Actualidad - G6 Abogados Blog Legal y Noticias | G6 Abogados en Madrid\",\"isPartOf\":{\"@id\":\"https:\/\/g6abogados.es\/#website\"},\"datePublished\":\"2022-11-21T22:23:37+00:00\",\"dateModified\":\"2025-05-14T08:48:59+00:00\",\"description\":\"\u00a1Mantente Actualizado con G6 Abogados! Mantente al d\u00eda con las \u00faltimas novedades en asesor\u00eda legal, inmobiliaria, laboral y asistencia letrada en Madrid. Visita el blog de G6 Abogados en Madrid para obtener noticias y consejos legales. Mantente informado sobre las \u00faltimas actualizaciones jur\u00eddicas y temas relevantes.\",\"inLanguage\":\"en-US\",\"potentialAction\":[{\"@type\":\"ReadAction\",\"target\":[\"https:\/\/g6abogados.es\/actualidad\/\"]}]},{\"@type\":\"WebSite\",\"@id\":\"https:\/\/g6abogados.es\/#website\",\"url\":\"https:\/\/g6abogados.es\/\",\"name\":\"G6 Abogados\",\"description\":\"Despacho de abogados\",\"publisher\":{\"@id\":\"https:\/\/g6abogados.es\/#organization\"},\"potentialAction\":[{\"@type\":\"SearchAction\",\"target\":{\"@type\":\"EntryPoint\",\"urlTemplate\":\"https:\/\/g6abogados.es\/?s={search_term_string}\"},\"query-input\":{\"@type\":\"PropertyValueSpecification\",\"valueRequired\":true,\"valueName\":\"search_term_string\"}}],\"inLanguage\":\"en-US\"},{\"@type\":\"Organization\",\"@id\":\"https:\/\/g6abogados.es\/#organization\",\"name\":\"G6 Abogados\",\"url\":\"https:\/\/g6abogados.es\/\",\"logo\":{\"@type\":\"ImageObject\",\"inLanguage\":\"en-US\",\"@id\":\"https:\/\/g6abogados.es\/#\/schema\/logo\/image\/\",\"url\":\"https:\/\/g6abogados.es\/wp-content\/uploads\/2024\/06\/g6abogados.png\",\"contentUrl\":\"https:\/\/g6abogados.es\/wp-content\/uploads\/2024\/06\/g6abogados.png\",\"width\":500,\"height\":500,\"caption\":\"G6 Abogados\"},\"image\":{\"@id\":\"https:\/\/g6abogados.es\/#\/schema\/logo\/image\/\"}}]}<\/script>\n<!-- \/ Yoast SEO plugin. -->","yoast_head_json":{"title":"Actualidad - G6 Abogados Blog Legal y Noticias | G6 Abogados en Madrid","description":"\u00a1Mantente Actualizado con G6 Abogados! Mantente al d\u00eda con las \u00faltimas novedades en asesor\u00eda legal, inmobiliaria, laboral y asistencia letrada en Madrid. Visita el blog de G6 Abogados en Madrid para obtener noticias y consejos legales. Mantente informado sobre las \u00faltimas actualizaciones jur\u00eddicas y temas relevantes.","robots":{"index":"index","follow":"follow","max-snippet":"max-snippet:-1","max-image-preview":"max-image-preview:large","max-video-preview":"max-video-preview:-1"},"canonical":"https:\/\/g6abogados.es\/en\/actualidad\/","og_locale":"en_US","og_type":"article","og_title":"Actualidad - G6 Abogados Blog Legal y Noticias | G6 Abogados en Madrid","og_description":"\u00a1Mantente Actualizado con G6 Abogados! Mantente al d\u00eda con las \u00faltimas novedades en asesor\u00eda legal, inmobiliaria, laboral y asistencia letrada en Madrid. Visita el blog de G6 Abogados en Madrid para obtener noticias y consejos legales. Mantente informado sobre las \u00faltimas actualizaciones jur\u00eddicas y temas relevantes.","og_url":"https:\/\/g6abogados.es\/en\/actualidad\/","og_site_name":"G6 Abogados","article_modified_time":"2025-05-14T08:48:59+00:00","twitter_card":"summary_large_image","schema":{"@context":"https:\/\/schema.org","@graph":[{"@type":"WebPage","@id":"https:\/\/g6abogados.es\/actualidad\/","url":"https:\/\/g6abogados.es\/actualidad\/","name":"Actualidad - G6 Abogados Blog Legal y Noticias | G6 Abogados en Madrid","isPartOf":{"@id":"https:\/\/g6abogados.es\/#website"},"datePublished":"2022-11-21T22:23:37+00:00","dateModified":"2025-05-14T08:48:59+00:00","description":"\u00a1Mantente Actualizado con G6 Abogados! Mantente al d\u00eda con las \u00faltimas novedades en asesor\u00eda legal, inmobiliaria, laboral y asistencia letrada en Madrid. Visita el blog de G6 Abogados en Madrid para obtener noticias y consejos legales. Mantente informado sobre las \u00faltimas actualizaciones jur\u00eddicas y temas relevantes.","inLanguage":"en-US","potentialAction":[{"@type":"ReadAction","target":["https:\/\/g6abogados.es\/actualidad\/"]}]},{"@type":"WebSite","@id":"https:\/\/g6abogados.es\/#website","url":"https:\/\/g6abogados.es\/","name":"G6 Abogados","description":"Despacho de abogados","publisher":{"@id":"https:\/\/g6abogados.es\/#organization"},"potentialAction":[{"@type":"SearchAction","target":{"@type":"EntryPoint","urlTemplate":"https:\/\/g6abogados.es\/?s={search_term_string}"},"query-input":{"@type":"PropertyValueSpecification","valueRequired":true,"valueName":"search_term_string"}}],"inLanguage":"en-US"},{"@type":"Organization","@id":"https:\/\/g6abogados.es\/#organization","name":"G6 Abogados","url":"https:\/\/g6abogados.es\/","logo":{"@type":"ImageObject","inLanguage":"en-US","@id":"https:\/\/g6abogados.es\/#\/schema\/logo\/image\/","url":"https:\/\/g6abogados.es\/wp-content\/uploads\/2024\/06\/g6abogados.png","contentUrl":"https:\/\/g6abogados.es\/wp-content\/uploads\/2024\/06\/g6abogados.png","width":500,"height":500,"caption":"G6 Abogados"},"image":{"@id":"https:\/\/g6abogados.es\/#\/schema\/logo\/image\/"}}]}},"_links":{"self":[{"href":"https:\/\/g6abogados.es\/en\/wp-json\/wp\/v2\/pages\/24","targetHints":{"allow":["GET"]}}],"collection":[{"href":"https:\/\/g6abogados.es\/en\/wp-json\/wp\/v2\/pages"}],"about":[{"href":"https:\/\/g6abogados.es\/en\/wp-json\/wp\/v2\/types\/page"}],"author":[{"embeddable":true,"href":"https:\/\/g6abogados.es\/en\/wp-json\/wp\/v2\/users\/2"}],"replies":[{"embeddable":true,"href":"https:\/\/g6abogados.es\/en\/wp-json\/wp\/v2\/comments?post=24"}],"version-history":[{"count":5,"href":"https:\/\/g6abogados.es\/en\/wp-json\/wp\/v2\/pages\/24\/revisions"}],"predecessor-version":[{"id":1429,"href":"https:\/\/g6abogados.es\/en\/wp-json\/wp\/v2\/pages\/24\/revisions\/1429"}],"wp:attachment":[{"href":"https:\/\/g6abogados.es\/en\/wp-json\/wp\/v2\/media?parent=24"}],"curies":[{"name":"wp","href":"https:\/\/api.w.org\/{rel}","templated":true}]}}